{"id":2,"date":"2024-03-17T10:00:46","date_gmt":"2024-03-17T09:00:46","guid":{"rendered":"http:\/\/gis.su-eidenberg.at\/?page_id=2"},"modified":"2024-09-08T19:28:13","modified_gmt":"2024-09-08T17:28:13","slug":"beispiel-seite","status":"publish","type":"page","link":"https:\/\/www.gislauf.at\/?page_id=2","title":{"rendered":"Impressum"},"content":{"rendered":"\n<p>Sportunion Eidenberg<br>Biberauerstra\u00dfe 1<br>4201 Eidenberg<br>Obmann: Lukas Hofst\u00e4tter<br>Email:&nbsp;office@gislauf.at<br>ZVR: 016662458<\/p>\n\n\n\n<p>Fotocredits: Manfred Konzel, LTU Linz, SU Eidenberg<\/p>\n\n\n\n<p><\/p>\n\n\n\n<h1 class=\"wp-block-heading\">Datenschutzerkl\u00e4rung<\/h1>\n\n\n\n<h3 class=\"wp-block-heading\">Hinweise zur Datenverarbeitung im Zusammenhang mit Google Analytics<\/h3>\n\n\n\n<p>Diese Website benutzt Google Analytics, einen Webanalysedienst der Google Ireland limited. Wenn der Verantwortliche f\u00fcr die Datenverarbeitung auf dieser Website au\u00dferhalb des Europ\u00e4ischen Wirtschaftsraumes oder der Schweiz sitzt, dann erfolgt die Google Analytics Datenverarbeitung durch Google LLC. Google LLC und Google Ireland Limited werden nachfolgend &#8222;Google&#8220; genannt. Bei der Verwendung von Google Analytics wird die Datenverarbeitung technisch durch Jimdo erbracht. Insoweit wird hiermit auf die Datenschutzhinweise von&nbsp;<a href=\"https:\/\/de.jimdo.com\/info\/datenschutzerklaerung\/\">Jimdo<\/a>&nbsp;verwiesen. Die Jimdo GmbH (Jimdo GmbH, Stresemannstrasse 375, 22761 Hamburg&nbsp;<a href=\"mailto:Datenschutz@jimdo.com\">Datenschutz@jimdo.com<\/a>) sowie der Betreiber dieser Website tragen eine gemeinsam Verantwortung f\u00fcr die Datenverarbeitung in Zusammenhang mit Google Analytics auf dieser Website.<\/p>\n\n\n\n<p>Google Analytics verwendet sog. \u201eCookies\u201c, Textdateien, die auf dem verwendeten Ger\u00e4t gespeichert werden und die eine Analyse der Benutzung der Website durch den Seitenbesucher erm\u00f6glichen. Die durch den Cookie erzeugten Informationen \u00fcber Ihre Benutzung dieser Website werden in der Regel an einen Server von Google \u00fcbertragen und dort gespeichert.<\/p>\n\n\n\n<p>Im Auftrag von Jimdo und dem Seitenbetreiber wird Google die anfallenden Informationen benutzen, um die Nutzung der Website auszuwerten, um Reports \u00fcber die Websiteaktivit\u00e4ten zusammenzustellen und um weitere mit der Websitenutzung und der Internetnutzung verbundene Dienstleistungen Jimdo und dem Seitenbetreiber gegen\u00fcber zu erbringen (Art. 6 Abs. 1 lit. f DSGVO). Das berechtigte Interesse an der Datenverarbeitung liegt in der Optimierung dieser Website, der Analyse der Benutzung der Website und der Anpassung der Inhalte, die durch die Bereitstellung der Statistikfunktionen von Jimdo erm\u00f6glicht wird. Die Interessen der Nutzer werden durch die Pseudonymisierung hinreichend gewahrt.<\/p>\n\n\n\n<p>Google LLC. bietet eine Garantie auf Basis der Standardvertragsklauseln ein angemessenes Datenschutzniveau einzuhalten. Die gesendeten und mit Cookies, Nutzerkennungen (z. B. User-ID) oder Werbe-IDs verkn\u00fcpften Daten werden nach 50 Monaten automatisch gel\u00f6scht. Die L\u00f6schung von Daten, deren Aufbewahrungsdauer erreicht ist, erfolgt automatisch einmal im Monat.<\/p>\n\n\n\n<p>Die Erfassung durch Google Analytics kann verhindert werden, indem der Seitenbesucher die Cookie-Einstellungen f\u00fcr diese Website anpasst. Der Erfassung und Speicherung der IP-Adresse und der durch Cookies erzeugten Daten kann au\u00dferdem jederzeit mit Wirkung f\u00fcr die Zukunft widersprochen werden. Das entsprechende Browser- Plugin kann unter dem folgenden Link heruntergeladen und installiert werden:&nbsp;<a href=\"https:\/\/tools.google.com\/dlpage\/gaoptout?hl=de\">https:\/\/tools.google.com\/dlpage\/gaoptout<\/a>.<\/p>\n\n\n\n<p>N\u00e4here Informationen zu den Google Nutzungsbedingungen und Datenschutz finden sich unter den&nbsp;<a href=\"https:\/\/www.google.com\/analytics\/terms\/de.html\">Google Analytics Bedingungen<\/a>&nbsp;bzw. unter der&nbsp;<a href=\"https:\/\/www.google.com\/intl\/de\/policies\/privacy\/index.html#Datenschutzerkl%C3%A4rung\">Google Analytics \u00dcbersicht<\/a>.<\/p>\n\n\n\n<p>Gem\u00e4\u00df der einschl\u00e4gigen Gesetzgebung und der DSGVO hat Seitenbesucher in Bezug auf seine personenbezogenen Daten, die \u00fcber diese Google Analytics Datenverarbeitung verarbeitet werden, bestimmte Rechte. Insbesondere hat er ein Recht auf Auskunft, Berichtigung, Daten\u00fcbertragbarkeit bzw. L\u00f6schung seiner Daten und ein Recht auf Daten\u00fcbertragbarkeit. Der Seitenbesucher hat bez\u00fcglich bestimmter Verarbeitungen seiner Daten auch das Recht auf Widerspruch. Zur Wahrnehmung dieser Betroffenenrechte bez\u00fcglich der Google Analytics Datenverarbeitung auf dieser Seite, kann sich ein Betroffener(Seitenbesucher) jederzeit an Jimdo(Jimdo GmbH&nbsp;<a href=\"mailto:datenschutz@jimdo.com\">datenschutz@jimdo.com<\/a>) oder den Seitenbetreiber wenden.<\/p>\n\n\n\n<h2 class=\"wp-block-heading\">Eingebettete Inhalte von anderen Websites<\/h2>\n\n\n\n<p>Beitr\u00e4ge auf dieser Website k\u00f6nnen eingebettete Inhalte beinhalten (z.&nbsp;B. Videos, Bilder, Beitr\u00e4ge etc.). Eingebettete Inhalte von anderen Websites verhalten sich exakt so, als ob der Besucher die andere Website besucht h\u00e4tte.<\/p>\n\n\n\n<p>Diese Websites k\u00f6nnen Daten \u00fcber dich sammeln, Cookies benutzen, zus\u00e4tzliche Tracking-Dienste von Dritten einbetten und deine Interaktion mit diesem eingebetteten Inhalt aufzeichnen, inklusive deiner Interaktion mit dem eingebetteten Inhalt, falls du ein Konto hast und auf dieser Website angemeldet bist.<\/p>\n\n\n\n<p><\/p>\n\n\n\n<p><\/p>\n\n\n\n<p><\/p>\n","protected":false},"excerpt":{"rendered":"<p>Sportunion EidenbergBiberauerstra\u00dfe 14201 EidenbergObmann: Lukas Hofst\u00e4tterEmail:&nbsp;office@gislauf.atZVR: 016662458 Fotocredits: Manfred Konzel, LTU Linz, SU Eidenberg Datenschutzerkl\u00e4rung Hinweise zur Datenverarbeitung im Zusammenhang mit Google Analytics Diese Website benutzt Google Analytics, einen Webanalysedienst der Google Ireland limited. Wenn der Verantwortliche f\u00fcr die Datenverarbeitung auf dieser Website au\u00dferhalb des Europ\u00e4ischen Wirtschaftsraumes oder der Schweiz sitzt, dann erfolgt die Google [&hellip;]<\/p>\n","protected":false},"author":1,"featured_media":0,"parent":0,"menu_order":0,"comment_status":"closed","ping_status":"open","template":"","meta":{"_uag_custom_page_level_css":"","footnotes":""},"class_list":["post-2","page","type-page","status-publish","hentry"],"uagb_featured_image_src":{"full":false,"thumbnail":false,"medium":false,"medium_large":false,"large":false,"1536x1536":false,"2048x2048":false},"uagb_author_info":{"display_name":"sumin","author_link":"https:\/\/www.gislauf.at\/?author=1"},"uagb_comment_info":0,"uagb_excerpt":"Sportunion EidenbergBiberauerstra\u00dfe 14201 EidenbergObmann: Lukas Hofst\u00e4tterEmail:&nbsp;office@gislauf.atZVR: 016662458 Fotocredits: Manfred Konzel, LTU Linz, SU Eidenberg Datenschutzerkl\u00e4rung Hinweise zur Datenverarbeitung im Zusammenhang mit Google Analytics Diese Website benutzt Google Analytics, einen Webanalysedienst der Google Ireland limited. Wenn der Verantwortliche f\u00fcr die Datenverarbeitung auf dieser Website au\u00dferhalb des Europ\u00e4ischen Wirtschaftsraumes oder der Schweiz sitzt, dann erfolgt die Google&hellip;","_links":{"self":[{"href":"https:\/\/www.gislauf.at\/index.php?rest_route=\/wp\/v2\/pages\/2","targetHints":{"allow":["GET"]}}],"collection":[{"href":"https:\/\/www.gislauf.at\/index.php?rest_route=\/wp\/v2\/pages"}],"about":[{"href":"https:\/\/www.gislauf.at\/index.php?rest_route=\/wp\/v2\/types\/page"}],"author":[{"embeddable":true,"href":"https:\/\/www.gislauf.at\/index.php?rest_route=\/wp\/v2\/users\/1"}],"replies":[{"embeddable":true,"href":"https:\/\/www.gislauf.at\/index.php?rest_route=%2Fwp%2Fv2%2Fcomments&post=2"}],"version-history":[{"count":6,"href":"https:\/\/www.gislauf.at\/index.php?rest_route=\/wp\/v2\/pages\/2\/revisions"}],"predecessor-version":[{"id":320,"href":"https:\/\/www.gislauf.at\/index.php?rest_route=\/wp\/v2\/pages\/2\/revisions\/320"}],"wp:attachment":[{"href":"https:\/\/www.gislauf.at\/index.php?rest_route=%2Fwp%2Fv2%2Fmedia&parent=2"}],"curies":[{"name":"wp","href":"https:\/\/api.w.org\/{rel}","templated":true}]}}